{"id":1159,"date":"2024-10-07T09:04:39","date_gmt":"2024-10-07T09:04:39","guid":{"rendered":"https:\/\/veene.com.au\/?page_id=1159"},"modified":"2024-10-26T09:03:23","modified_gmt":"2024-10-26T09:03:23","slug":"veene-pet","status":"publish","type":"page","link":"https:\/\/veene.vn\/vi\/veene-pet\/","title":{"rendered":"Veene Pets"},"content":{"rendered":"<div data-elementor-type=\"wp-page\" data-elementor-id=\"1159\" class=\"elementor elementor-1159\">\n\t\t\t\t<div class=\"elementor-element elementor-element-3f3902bf e-con-full e-flex e-con e-parent\" data-id=\"3f3902bf\" data-element_type=\"container\">\n\t\t\t\t<div class=\"elementor-element elementor-element-440ece89 elementor-widget elementor-widget-shortcode\" data-id=\"440ece89\" data-element_type=\"widget\" data-widget_type=\"shortcode.default\">\n\t\t\t\t<div class=\"elementor-widget-container\">\n\t\t\t\t\t\t\t<div class=\"elementor-shortcode\">        <div class=\"swiper swiper-home-container\">\n            <div class=\"swiper-wrapper\">\n                                    <div class=\"swiper-slide\">\n                        <div class=\"swiper-image\">\n                                                            <img decoding=\"async\" src=\"https:\/\/veene.vn\/wp-content\/uploads\/2024\/07\/home-slider-1.jpg\" alt=\"\" \/>\n                                                    <\/div>\n                    <\/div>\n                                    <div class=\"swiper-slide\">\n                        <div class=\"swiper-image\">\n                                                            <img decoding=\"async\" src=\"https:\/\/veene.vn\/wp-content\/uploads\/2024\/08\/home-slider-2.jpg\" alt=\"\" \/>\n                                                    <\/div>\n                    <\/div>\n                                    <div class=\"swiper-slide\">\n                        <div class=\"swiper-image\">\n                                                            <img decoding=\"async\" src=\"https:\/\/veene.vn\/wp-content\/uploads\/2024\/08\/home-slider-3.jpg\" alt=\"\" \/>\n                                                    <\/div>\n                    <\/div>\n                                    <div class=\"swiper-slide\">\n                        <div class=\"swiper-image\">\n                                                            <img decoding=\"async\" src=\"https:\/\/veene.vn\/wp-content\/uploads\/2024\/08\/home-slider-4.jpg\" alt=\"\" \/>\n                                                    <\/div>\n                    <\/div>\n                            <\/div>\n            <!-- Add Pagination -->\n            <div class=\"swiper-pagination swiper-pagination-white\"><\/div>\n        <\/div>\n\n        <script>\n            document.addEventListener('DOMContentLoaded', function() {\n                var mySwiper = new Swiper('.swiper-home-container', {\n                    loop: true,\n                    autoplay: {\n                        delay: 5000,\n                    },\n                    pagination: {\n                        el: '.swiper-pagination',\n                        clickable: true,\n                    },\n                });\n            });\n        <\/script>\n        <\/div>\n\t\t\t\t\t\t<\/div>\n\t\t\t\t<\/div>\n\t\t\t\t<\/div>\n\t\t<div class=\"elementor-element elementor-element-1a59938a e-flex e-con-boxed e-con e-parent\" data-id=\"1a59938a\" data-element_type=\"container\" data-settings=\"{&quot;background_background&quot;:&quot;classic&quot;}\">\n\t\t\t\t\t<div class=\"e-con-inner\">\n\t\t\t\t<div class=\"elementor-element elementor-element-6189c22e elementor-widget elementor-widget-heading\" data-id=\"6189c22e\" data-element_type=\"widget\" data-widget_type=\"heading.default\">\n\t\t\t\t<div class=\"elementor-widget-container\">\n\t\t\t\t\t<h2 class=\"elementor-heading-title elementor-size-default\">Gi\u1edbi thi\u1ec7u d\u00f2ng s\u1ea3n ph\u1ea9m Veene Pets<\/h2>\t\t\t\t<\/div>\n\t\t\t\t<\/div>\n\t\t\t\t<div class=\"elementor-element elementor-element-448691a8 elementor-widget__width-initial elementor-widget elementor-widget-text-editor\" data-id=\"448691a8\" data-element_type=\"widget\" data-widget_type=\"text-editor.default\">\n\t\t\t\t<div class=\"elementor-widget-container\">\n\t\t\t\t\t\t\t\t\t<p>Veene Pets l\u00e0 m\u1ed9t nh\u00e1nh c\u1ee7a Veene Custom, \u0111\u01b0\u1ee3c ra \u0111\u1eddi v\u1edbi s\u1ee9 m\u1ec7nh mang \u0111\u1ebfn nh\u1eefng tr\u1ea3i nghi\u1ec7m \u0111\u1eb7c bi\u1ec7t d\u00e0nh ri\u00eang cho th\u00fa c\u01b0ng c\u1ee7a b\u1ea1n. Ch\u00fang t\u00f4i hi\u1ec3u r\u1eb1ng th\u00fa c\u01b0ng kh\u00f4ng ch\u1ec9 l\u00e0 b\u1ea1n \u0111\u1ed3ng h\u00e0nh m\u00e0 c\u00f2n l\u00e0 m\u1ed9t ph\u1ea7n quan tr\u1ecdng trong cu\u1ed9c s\u1ed1ng c\u1ee7a nhi\u1ec1u ng\u01b0\u1eddi. Ch\u00ednh v\u00ec v\u1eady, Veene Pets t\u1eadp trung v\u00e0o vi\u1ec7c thi\u1ebft k\u1ebf v\u00e0 s\u1ea3n xu\u1ea5t nh\u1eefng s\u1ea3n ph\u1ea9m th\u1ee7 c\u00f4ng tinh t\u1ebf, gi\u00fap b\u1ea1n th\u1ec3 hi\u1ec7n t\u00ecnh y\u00eau th\u01b0\u01a1ng v\u00e0 s\u1ef1 ch\u0103m s\u00f3c d\u00e0nh cho nh\u1eefng ng\u01b0\u1eddi b\u1ea1n b\u1ed1n ch\u00e2n c\u1ee7a m\u00ecnh.<\/p>\t\t\t\t\t\t\t\t<\/div>\n\t\t\t\t<\/div>\n\t\t\t\t\t<\/div>\n\t\t\t\t<\/div>\n\t\t<div class=\"elementor-element elementor-element-5e809c38 e-con-full e-flex e-con e-parent\" data-id=\"5e809c38\" data-element_type=\"container\" data-settings=\"{&quot;background_background&quot;:&quot;classic&quot;}\">\n\t\t\t\t<div class=\"elementor-element elementor-element-692d6e8d elementor-widget elementor-widget-heading\" data-id=\"692d6e8d\" data-element_type=\"widget\" data-widget_type=\"heading.default\">\n\t\t\t\t<div class=\"elementor-widget-container\">\n\t\t\t\t\t<h2 class=\"elementor-heading-title elementor-size-default\">S\u1ea3n ph\u1ea9m Veene Pets n\u1ed5i b\u1eadt<\/h2>\t\t\t\t<\/div>\n\t\t\t\t<\/div>\n\t\t\t\t<div class=\"elementor-element elementor-element-53be3889 elementor-widget elementor-widget-shortcode\" data-id=\"53be3889\" data-element_type=\"widget\" data-widget_type=\"shortcode.default\">\n\t\t\t\t<div class=\"elementor-widget-container\">\n\t\t\t\t\t\t\t<div class=\"elementor-shortcode\"><div class=\"swiper swiper-post-zoom-container swiper-pagination-not-ps\"><div class=\"swiper-wrapper\"><div class=\"swiper-slide\"><div class=\"post-content\"><div class=\"post-image\"><a href=\"https:\/\/veene.vn\/vi\/cac-buoc-hoan-thien-1-san-pham-veene-pets\/\"><\/a><\/div><\/div><\/div><div class=\"swiper-slide\"><div class=\"post-content\"><div class=\"post-image\"><a href=\"https:\/\/veene.vn\/vi\/custom-portrait-pin\/\"><img fetchpriority=\"high\" decoding=\"async\" width=\"900\" height=\"991\" src=\"https:\/\/veene.vn\/wp-content\/uploads\/2024\/11\/anh-bst-noi-bat-21.png\" class=\"attachment-full size-full wp-post-image\" alt=\"\" srcset=\"https:\/\/veene.vn\/wp-content\/uploads\/2024\/11\/anh-bst-noi-bat-21.png 900w, https:\/\/veene.vn\/wp-content\/uploads\/2024\/11\/anh-bst-noi-bat-21-272x300.png 272w, https:\/\/veene.vn\/wp-content\/uploads\/2024\/11\/anh-bst-noi-bat-21-768x846.png 768w, https:\/\/veene.vn\/wp-content\/uploads\/2024\/11\/anh-bst-noi-bat-21-11x12.png 11w, https:\/\/veene.vn\/wp-content\/uploads\/2024\/11\/anh-bst-noi-bat-21-600x661.png 600w\" sizes=\"(max-width: 900px) 100vw, 900px\" \/><\/a><\/div><\/div><\/div><div class=\"swiper-slide\"><div class=\"post-content\"><div class=\"post-image\"><a href=\"https:\/\/veene.vn\/vi\/custom-portrait-magnet\/\"><img decoding=\"async\" width=\"900\" height=\"991\" src=\"https:\/\/veene.vn\/wp-content\/uploads\/2024\/11\/anh-bst-noi-bat-22.png\" class=\"attachment-full size-full wp-post-image\" alt=\"\" srcset=\"https:\/\/veene.vn\/wp-content\/uploads\/2024\/11\/anh-bst-noi-bat-22.png 900w, https:\/\/veene.vn\/wp-content\/uploads\/2024\/11\/anh-bst-noi-bat-22-272x300.png 272w, https:\/\/veene.vn\/wp-content\/uploads\/2024\/11\/anh-bst-noi-bat-22-768x846.png 768w, https:\/\/veene.vn\/wp-content\/uploads\/2024\/11\/anh-bst-noi-bat-22-11x12.png 11w, https:\/\/veene.vn\/wp-content\/uploads\/2024\/11\/anh-bst-noi-bat-22-600x661.png 600w\" sizes=\"(max-width: 900px) 100vw, 900px\" \/><\/a><\/div><\/div><\/div><div class=\"swiper-slide\"><div class=\"post-content\"><div class=\"post-image\"><a href=\"https:\/\/veene.vn\/vi\/custom-portrait-doll\/\"><img decoding=\"async\" width=\"900\" height=\"991\" src=\"https:\/\/veene.vn\/wp-content\/uploads\/2024\/10\/anh-bst-noi-bat-16.png\" class=\"attachment-full size-full wp-post-image\" alt=\"\" srcset=\"https:\/\/veene.vn\/wp-content\/uploads\/2024\/10\/anh-bst-noi-bat-16.png 900w, https:\/\/veene.vn\/wp-content\/uploads\/2024\/10\/anh-bst-noi-bat-16-272x300.png 272w, https:\/\/veene.vn\/wp-content\/uploads\/2024\/10\/anh-bst-noi-bat-16-768x846.png 768w, https:\/\/veene.vn\/wp-content\/uploads\/2024\/10\/anh-bst-noi-bat-16-11x12.png 11w, https:\/\/veene.vn\/wp-content\/uploads\/2024\/10\/anh-bst-noi-bat-16-600x661.png 600w\" sizes=\"(max-width: 900px) 100vw, 900px\" \/><\/a><\/div><\/div><\/div><\/div><div class=\"swiper-pagination swiper-pagination-color\"><\/div><div class=\"swiper-button-prev\"><\/div><div class=\"swiper-button-next\"><\/div><\/div><script>\n                    jQuery(document).ready(function($) {\n                        var zoomSwiper = new Swiper(\".swiper-post-zoom-container\", {\n                            slidesPerView: 4,\n                            spaceBetween: 90,\n                            freeMode: true,\n                            loop: true,\n                            pagination: {\n                                el: \".swiper-pagination\",\n                                clickable: true,\n                            },\n                            navigation: {\n                                nextEl: \".swiper-button-next\",\n                                prevEl: \".swiper-button-prev\",\n                            },\n                            breakpoints: {\n                                0: {\n                                    slidesPerView: 1,\n                                },\n                                768: {\n                                    slidesPerView: 2,\n                                },\n                                1024: {\n                                    slidesPerView: 4,\n                                },\n                            },\n                        });\n                    });\n                <\/script><\/div>\n\t\t\t\t\t\t<\/div>\n\t\t\t\t<\/div>\n\t\t\t\t<\/div>\n\t\t<div class=\"elementor-element elementor-element-33adeb96 e-con-full e-flex e-con e-parent\" data-id=\"33adeb96\" data-element_type=\"container\">\n\t\t<div class=\"elementor-element elementor-element-3069af8 e-con-full e-flex e-con e-child\" data-id=\"3069af8\" data-element_type=\"container\" data-settings=\"{&quot;background_background&quot;:&quot;classic&quot;}\">\n\t\t\t\t<div class=\"elementor-element elementor-element-1dc32371 elementor-widget elementor-widget-heading\" data-id=\"1dc32371\" data-element_type=\"widget\" data-widget_type=\"heading.default\">\n\t\t\t\t<div class=\"elementor-widget-container\">\n\t\t\t\t\t<h2 class=\"elementor-heading-title elementor-size-default\">C\u00e2u chuy\u1ec7n s\u1ea3n ph\u1ea9m<\/h2>\t\t\t\t<\/div>\n\t\t\t\t<\/div>\n\t\t\t\t<div class=\"elementor-element elementor-element-15ab8ec9 elementor-widget elementor-widget-text-editor\" data-id=\"15ab8ec9\" data-element_type=\"widget\" data-widget_type=\"text-editor.default\">\n\t\t\t\t<div class=\"elementor-widget-container\">\n\t\t\t\t\t\t\t\t\t<p><span style=\"font-family: Barlow, sans-serif; text-align: var(--text-align); background-color: var(--bs-body-bg); font-size: var(--bs-body-font-size);\">M\u1ed7i s\u1ea3n ph\u1ea9m trong d\u00f2ng Veene Pets \u0111\u1ec1u \u0111\u01b0\u1ee3c ch\u1ebf t\u00e1c t\u1ec9 m\u1ec9, t\u1eeb \u0111\u1ed3 ch\u01a1i, \u00e1o kho\u00e1c \u0111\u1ebfn ph\u1ee5 ki\u1ec7n, t\u1ea5t c\u1ea3 \u0111\u1ec1u mang \u0111\u1eadm phong c\u00e1ch c\u1ee7a Veene.\u00a0<\/span><span style=\"text-align: var(--text-align); background-color: var(--bs-body-bg); font-size: var(--bs-body-font-size);\">B\u00ean c\u1ea1nh \u0111\u00f3, Veene Pets c\u00f2n cho ph\u00e9p b\u1ea1n c\u00e1 nh\u00e2n h\u00f3a s\u1ea3n ph\u1ea9m theo \u00fd th\u00edch, t\u1eeb m\u00e0u s\u1eafc \u0111\u1ebfn ki\u1ec3u d\u00e1ng, gi\u00fap m\u1ed7i m\u00f3n \u0111\u1ed3 \u0111\u1ec1u tr\u1edf n\u00ean \u0111\u1eb7c bi\u1ec7t v\u00e0 \u0111\u1ed9c nh\u1ea5t.\u00a0<\/span><\/p>\t\t\t\t\t\t\t\t<\/div>\n\t\t\t\t<\/div>\n\t\t\t\t<\/div>\n\t\t<div class=\"elementor-element elementor-element-56c024cb e-con-full e-flex e-con e-child\" data-id=\"56c024cb\" data-element_type=\"container\" data-settings=\"{&quot;background_background&quot;:&quot;classic&quot;}\">\n\t\t\t\t<div class=\"elementor-element elementor-element-1d34bf27 elementor-pagination-position-outside elementor-widget elementor-widget-image-carousel\" data-id=\"1d34bf27\" data-element_type=\"widget\" data-settings=\"{&quot;slides_to_show&quot;:&quot;1&quot;,&quot;navigation&quot;:&quot;dots&quot;,&quot;autoplay&quot;:&quot;yes&quot;,&quot;pause_on_hover&quot;:&quot;yes&quot;,&quot;pause_on_interaction&quot;:&quot;yes&quot;,&quot;autoplay_speed&quot;:5000,&quot;infinite&quot;:&quot;yes&quot;,&quot;effect&quot;:&quot;slide&quot;,&quot;speed&quot;:500}\" data-widget_type=\"image-carousel.default\">\n\t\t\t\t<div class=\"elementor-widget-container\">\n\t\t\t\t\t\t\t<div class=\"elementor-image-carousel-wrapper swiper\" role=\"region\" aria-roledescription=\"carousel\" aria-label=\"Image Carousel\" dir=\"ltr\">\n\t\t\t<div class=\"elementor-image-carousel swiper-wrapper\" aria-live=\"off\">\n\t\t\t\t\t\t\t\t<div class=\"swiper-slide\" role=\"group\" aria-roledescription=\"slide\" aria-label=\"1 of 1\"><figure class=\"swiper-slide-inner\"><img decoding=\"async\" class=\"swiper-slide-image\" src=\"https:\/\/veene.vn\/wp-content\/uploads\/2024\/10\/cau-chuyen-sp.png\" alt=\"c\u00e2u chuy\u1ec7n sp\" \/><\/figure><\/div>\t\t\t<\/div>\n\t\t\t\t\t<\/div>\n\t\t\t\t\t\t<\/div>\n\t\t\t\t<\/div>\n\t\t\t\t<\/div>\n\t\t\t\t<\/div>\n\t\t<div class=\"elementor-element elementor-element-357bd05 e-flex e-con-boxed e-con e-parent\" data-id=\"357bd05\" data-element_type=\"container\">\n\t\t\t\t\t<div class=\"e-con-inner\">\n\t\t\t\t<div class=\"elementor-element elementor-element-3fba4c0e elementor-widget elementor-widget-heading\" data-id=\"3fba4c0e\" data-element_type=\"widget\" data-widget_type=\"heading.default\">\n\t\t\t\t<div class=\"elementor-widget-container\">\n\t\t\t\t\t<h2 class=\"elementor-heading-title elementor-size-default\">Danh s\u00e1ch s\u1ea3n ph\u1ea9m<\/h2>\t\t\t\t<\/div>\n\t\t\t\t<\/div>\n\t\t\t\t\t<\/div>\n\t\t\t\t<\/div>\n\t\t<div class=\"elementor-element elementor-element-2cf90e4e elementor-hidden-desktop elementor-hidden-tablet elementor-hidden-mobile e-flex e-con-boxed e-con e-parent\" data-id=\"2cf90e4e\" data-element_type=\"container\" data-settings=\"{&quot;background_background&quot;:&quot;classic&quot;}\">\n\t\t\t\t\t<div class=\"e-con-inner\">\n\t\t\t\t<div class=\"elementor-element elementor-element-10fddf2a img-ps-top-right elementor-hidden-mobile elementor-widget elementor-widget-image\" data-id=\"10fddf2a\" data-element_type=\"widget\" data-widget_type=\"image.default\">\n\t\t\t\t<div class=\"elementor-widget-container\">\n\t\t\t\t\t\t\t\t\t\t\t\t\t\t\t<img loading=\"lazy\" decoding=\"async\" width=\"300\" height=\"400\" src=\"https:\/\/veene.vn\/wp-content\/uploads\/2024\/07\/img-veene-mini-manual-technique-2.jpg\" class=\"attachment-full size-full wp-image-463\" alt=\"\" srcset=\"https:\/\/veene.vn\/wp-content\/uploads\/2024\/07\/img-veene-mini-manual-technique-2.jpg 300w, https:\/\/veene.vn\/wp-content\/uploads\/2024\/07\/img-veene-mini-manual-technique-2-225x300.jpg 225w\" sizes=\"(max-width: 300px) 100vw, 300px\" \/>\t\t\t\t\t\t\t\t\t\t\t\t\t\t\t<\/div>\n\t\t\t\t<\/div>\n\t\t<div class=\"elementor-element elementor-element-205181aa e-con-full e-flex e-con e-child\" data-id=\"205181aa\" data-element_type=\"container\">\n\t\t\t\t<div class=\"elementor-element elementor-element-5ec67d76 elementor-widget elementor-widget-heading\" data-id=\"5ec67d76\" data-element_type=\"widget\" data-widget_type=\"heading.default\">\n\t\t\t\t<div class=\"elementor-widget-container\">\n\t\t\t\t\t<h2 class=\"elementor-heading-title elementor-size-default\">K\u1ef9 thu\u1eadt th\u1ee7 c\u00f4ng<\/h2>\t\t\t\t<\/div>\n\t\t\t\t<\/div>\n\t\t\t\t<\/div>\n\t\t<div class=\"elementor-element elementor-element-207bed32 e-con-full e-flex e-con e-child\" data-id=\"207bed32\" data-element_type=\"container\">\n\t\t<div class=\"elementor-element elementor-element-e3d9b1d e-con-full e-flex e-con e-child\" data-id=\"e3d9b1d\" data-element_type=\"container\">\n\t\t\t\t<div class=\"elementor-element elementor-element-4603e4fb elementor-widget elementor-widget-text-editor\" data-id=\"4603e4fb\" data-element_type=\"widget\" data-widget_type=\"text-editor.default\">\n\t\t\t\t<div class=\"elementor-widget-container\">\n\t\t\t\t\t\t\t\t\t<p>1. Ch\u1ecdn ch\u1ee7 \u0111\u1ec1 v\u00e0 \u00fd t\u01b0\u1edfng l\u00ean b\u1ed1 c\u1ee5c thi\u1ebft k\u1ebf.<\/p>\t\t\t\t\t\t\t\t<\/div>\n\t\t\t\t<\/div>\n\t\t\t\t<div class=\"elementor-element elementor-element-5a638084 elementor-widget elementor-widget-image\" data-id=\"5a638084\" data-element_type=\"widget\" data-widget_type=\"image.default\">\n\t\t\t\t<div class=\"elementor-widget-container\">\n\t\t\t\t\t\t\t\t\t\t\t\t\t\t\t<img loading=\"lazy\" decoding=\"async\" width=\"534\" height=\"400\" src=\"https:\/\/veene.vn\/wp-content\/uploads\/2024\/07\/img-veene-mini-manual-technique-1.jpg\" class=\"attachment-full size-full wp-image-462\" alt=\"\" srcset=\"https:\/\/veene.vn\/wp-content\/uploads\/2024\/07\/img-veene-mini-manual-technique-1.jpg 534w, https:\/\/veene.vn\/wp-content\/uploads\/2024\/07\/img-veene-mini-manual-technique-1-300x225.jpg 300w\" sizes=\"(max-width: 534px) 100vw, 534px\" \/>\t\t\t\t\t\t\t\t\t\t\t\t\t\t\t<\/div>\n\t\t\t\t<\/div>\n\t\t\t\t<\/div>\n\t\t<div class=\"elementor-element elementor-element-ae7168e e-con-full e-flex e-con e-child\" data-id=\"ae7168e\" data-element_type=\"container\">\n\t\t\t\t<div class=\"elementor-element elementor-element-339c6000 elementor-hidden-desktop elementor-hidden-tablet elementor-widget elementor-widget-image\" data-id=\"339c6000\" data-element_type=\"widget\" data-widget_type=\"image.default\">\n\t\t\t\t<div class=\"elementor-widget-container\">\n\t\t\t\t\t\t\t\t\t\t\t\t\t\t\t<img loading=\"lazy\" decoding=\"async\" width=\"300\" height=\"400\" src=\"https:\/\/veene.vn\/wp-content\/uploads\/2024\/07\/img-veene-mini-manual-technique-2.jpg\" class=\"attachment-full size-full wp-image-463\" alt=\"\" srcset=\"https:\/\/veene.vn\/wp-content\/uploads\/2024\/07\/img-veene-mini-manual-technique-2.jpg 300w, https:\/\/veene.vn\/wp-content\/uploads\/2024\/07\/img-veene-mini-manual-technique-2-225x300.jpg 225w\" sizes=\"(max-width: 300px) 100vw, 300px\" \/>\t\t\t\t\t\t\t\t\t\t\t\t\t\t\t<\/div>\n\t\t\t\t<\/div>\n\t\t\t\t<div class=\"elementor-element elementor-element-554e65fd elementor-widget elementor-widget-text-editor\" data-id=\"554e65fd\" data-element_type=\"widget\" data-widget_type=\"text-editor.default\">\n\t\t\t\t<div class=\"elementor-widget-container\">\n\t\t\t\t\t\t\t\t\t<p>2. L\u00ean s\u1ea3n ph\u1ea9m m\u1eabu<\/p>\t\t\t\t\t\t\t\t<\/div>\n\t\t\t\t<\/div>\n\t\t\t\t<div class=\"elementor-element elementor-element-79ff8895 elementor-widget elementor-widget-text-editor\" data-id=\"79ff8895\" data-element_type=\"widget\" data-widget_type=\"text-editor.default\">\n\t\t\t\t<div class=\"elementor-widget-container\">\n\t\t\t\t\t\t\t\t\t<p>3. Chia c\u00f4ng \u0111o\u1ea1n s\u1ea3n xu\u1ea5t.<\/p>\t\t\t\t\t\t\t\t<\/div>\n\t\t\t\t<\/div>\n\t\t\t\t<\/div>\n\t\t\t\t<\/div>\n\t\t<div class=\"elementor-element elementor-element-6db74e7b e-con-full e-flex e-con e-child\" data-id=\"6db74e7b\" data-element_type=\"container\">\n\t\t<div class=\"elementor-element elementor-element-3e60c65e e-con-full e-flex e-con e-child\" data-id=\"3e60c65e\" data-element_type=\"container\">\n\t\t\t\t<div class=\"elementor-element elementor-element-4a7d5a31 elementor-widget elementor-widget-image\" data-id=\"4a7d5a31\" data-element_type=\"widget\" data-widget_type=\"image.default\">\n\t\t\t\t<div class=\"elementor-widget-container\">\n\t\t\t\t\t\t\t\t\t\t\t\t\t\t\t<img loading=\"lazy\" decoding=\"async\" width=\"534\" height=\"400\" src=\"https:\/\/veene.vn\/wp-content\/uploads\/2024\/07\/img-veene-mini-manual-technique-3.jpg\" class=\"attachment-full size-full wp-image-464\" alt=\"\" srcset=\"https:\/\/veene.vn\/wp-content\/uploads\/2024\/07\/img-veene-mini-manual-technique-3.jpg 534w, https:\/\/veene.vn\/wp-content\/uploads\/2024\/07\/img-veene-mini-manual-technique-3-300x225.jpg 300w\" sizes=\"(max-width: 534px) 100vw, 534px\" \/>\t\t\t\t\t\t\t\t\t\t\t\t\t\t\t<\/div>\n\t\t\t\t<\/div>\n\t\t\t\t<\/div>\n\t\t<div class=\"elementor-element elementor-element-b3b4e2e e-con-full e-flex e-con e-child\" data-id=\"b3b4e2e\" data-element_type=\"container\">\n\t\t\t\t<div class=\"elementor-element elementor-element-586ff162 elementor-widget elementor-widget-text-editor\" data-id=\"586ff162\" data-element_type=\"widget\" data-widget_type=\"text-editor.default\">\n\t\t\t\t<div class=\"elementor-widget-container\">\n\t\t\t\t\t\t\t\t\t<p>4. Gia c\u00f4ng t\u1eebng chi ti\u1ebft nh\u1ecf<\/p>\t\t\t\t\t\t\t\t<\/div>\n\t\t\t\t<\/div>\n\t\t\t\t<div class=\"elementor-element elementor-element-4da893fc elementor-widget elementor-widget-text-editor\" data-id=\"4da893fc\" data-element_type=\"widget\" data-widget_type=\"text-editor.default\">\n\t\t\t\t<div class=\"elementor-widget-container\">\n\t\t\t\t\t\t\t\t\t<p>5. G\u1eafn ho\u00e0n thi\u1ec7n s\u1ea3n ph\u1ea9m<\/p>\t\t\t\t\t\t\t\t<\/div>\n\t\t\t\t<\/div>\n\t\t\t\t<\/div>\n\t\t\t\t<\/div>\n\t\t\t\t\t<\/div>\n\t\t\t\t<\/div>\n\t\t\t\t<\/div>","protected":false},"excerpt":{"rendered":"<p>Gi\u1edbi thi\u1ec7u d\u00f2ng s\u1ea3n ph\u1ea9m Veene Pets Veene Pets l\u00e0 m\u1ed9t nh\u00e1nh c\u1ee7a Veene Custom, \u0111\u01b0\u1ee3c ra \u0111\u1eddi v\u1edbi s\u1ee9 m\u1ec7nh mang \u0111\u1ebfn nh\u1eefng tr\u1ea3i nghi\u1ec7m \u0111\u1eb7c bi\u1ec7t d\u00e0nh ri\u00eang cho th\u00fa c\u01b0ng c\u1ee7a b\u1ea1n. Ch\u00fang t\u00f4i hi\u1ec3u r\u1eb1ng th\u00fa c\u01b0ng kh\u00f4ng ch\u1ec9 l\u00e0 b\u1ea1n \u0111\u1ed3ng h\u00e0nh m\u00e0 c\u00f2n l\u00e0 m\u1ed9t ph\u1ea7n quan tr\u1ecdng trong [&hellip;]<\/p>","protected":false},"author":1,"featured_media":0,"parent":0,"menu_order":0,"comment_status":"closed","ping_status":"closed","template":"elementor_header_footer","meta":{"_acf_changed":false,"footnotes":""},"class_list":["post-1159","page","type-page","status-publish","hentry"],"acf":[],"_links":{"self":[{"href":"https:\/\/veene.vn\/vi\/wp-json\/wp\/v2\/pages\/1159","targetHints":{"allow":["GET"]}}],"collection":[{"href":"https:\/\/veene.vn\/vi\/wp-json\/wp\/v2\/pages"}],"about":[{"href":"https:\/\/veene.vn\/vi\/wp-json\/wp\/v2\/types\/page"}],"author":[{"embeddable":true,"href":"https:\/\/veene.vn\/vi\/wp-json\/wp\/v2\/users\/1"}],"replies":[{"embeddable":true,"href":"https:\/\/veene.vn\/vi\/wp-json\/wp\/v2\/comments?post=1159"}],"version-history":[{"count":0,"href":"https:\/\/veene.vn\/vi\/wp-json\/wp\/v2\/pages\/1159\/revisions"}],"wp:attachment":[{"href":"https:\/\/veene.vn\/vi\/wp-json\/wp\/v2\/media?parent=1159"}],"curies":[{"name":"wp","href":"https:\/\/api.w.org\/{rel}","templated":true}]}}